{"id":2678,"date":"2019-07-27T14:14:10","date_gmt":"2019-07-27T14:14:10","guid":{"rendered":"https:\/\/greenpest.ch\/?page_id=2678"},"modified":"2026-03-25T14:15:27","modified_gmt":"2026-03-25T14:15:27","slug":"data-protection","status":"publish","type":"page","link":"https:\/\/greenpest.ch\/en\/data-protection\/","title":{"rendered":"PRIVACY"},"content":{"rendered":"\t\t<div data-elementor-type=\"wp-post\" data-elementor-id=\"2678\" class=\"elementor elementor-2678\" data-elementor-post-type=\"page\">\n\t\t\t\t\t\t<section class=\"elementor-section elementor-top-section elementor-element elementor-element-17c0e2b1 elementor-section-boxed elementor-section-height-default elementor-section-height-default\" data-id=\"17c0e2b1\" data-element_type=\"section\" data-e-type=\"section\">\n\t\t\t\t\t\t<div class=\"elementor-container elementor-column-gap-default\">\n\t\t\t\t\t<div class=\"elementor-column elementor-col-100 elementor-top-column elementor-element elementor-element-36516ca7\" data-id=\"36516ca7\" data-element_type=\"column\" data-e-type=\"column\" data-settings=\"{&quot;background_background&quot;:&quot;classic&quot;}\">\n\t\t\t<div class=\"elementor-widget-wrap elementor-element-populated\">\n\t\t\t\t\t\t<div class=\"elementor-element elementor-element-5c8eda15 elementor-widget elementor-widget-text-editor\" data-id=\"5c8eda15\" data-element_type=\"widget\" data-e-type=\"widget\" data-widget_type=\"text-editor.default\">\n\t\t\t\t\t\t\t\t\t<div class=\"et_pb_section et_pb_section_0 et_pb_with_background et_section_regular\"><div class=\"et_pb_row et_pb_row_0\"><div class=\"et_pb_column et_pb_column_4_4 et_pb_column_0 et_pb_css_mix_blend_mode_passthrough et-last-child\"><div class=\"et_pb_module et_pb_text et_pb_text_0 et_pb_bg_layout_light et_pb_text_align_left\"><div class=\"et_pb_text_inner\"><h1>DATENSCHUTZ<\/h1><\/div><\/div><div class=\"et_pb_module et_pb_text et_pb_text_1 et_pb_bg_layout_light et_pb_text_align_left\"><div class=\"et_pb_text_inner\"><ol><li><a href=\"https:\/\/wyss-immobilienberatung.ch\/datenschutz\/#term-1\" target=\"_blank\" rel=\"noopener\">Datenschutzerkl\u00e4rung<\/a><\/li><li><a href=\"https:\/\/wyss-immobilienberatung.ch\/datenschutz\/#term-2\" target=\"_blank\" rel=\"noopener\">Bearbeitung von Personendaten<\/a><\/li><li><a href=\"https:\/\/wyss-immobilienberatung.ch\/datenschutz\/term-3\" target=\"_blank\" rel=\"noopener\">Daten, welche direkt von uns erhoben werden<\/a><ol><li><a href=\"https:\/\/wyss-immobilienberatung.ch\/datenschutz\/#term-3-1\" target=\"_blank\" rel=\"noopener\">Anfrageformulare<\/a><\/li><\/ol><\/li><li><a href=\"https:\/\/wyss-immobilienberatung.ch\/datenschutz\/term-4\" target=\"_blank\" rel=\"noopener\">Daten, welche durch Dienstleistungen Dritter erhoben werden<\/a><ol><li><a href=\"https:\/\/wyss-immobilienberatung.ch\/datenschutz\/#term-4-1\" target=\"_blank\" rel=\"noopener\">Verwendung von Scriptbibliotheken<\/a><\/li><li><a href=\"https:\/\/wyss-immobilienberatung.ch\/datenschutz\/#term-4-2\" target=\"_blank\" rel=\"noopener\">Verwendung von Google Maps<\/a><\/li><\/ol><\/li><li><a href=\"https:\/\/wyss-immobilienberatung.ch\/datenschutz\/#term-5\" target=\"_blank\" rel=\"noopener\">Ihre Rechte als Nutzer unserer Webseite<\/a><\/li><li><a href=\"https:\/\/wyss-immobilienberatung.ch\/datenschutz\/#term-6\" target=\"_blank\" rel=\"noopener\">Verantwortung<\/a><\/li><\/ol><\/div><\/div><\/div><\/div><\/div><div class=\"et_pb_section et_pb_section_1 et_section_regular\"><div id=\"term-1\" class=\"et_pb_row et_pb_row_1\"><div class=\"et_pb_column et_pb_column_4_4 et_pb_column_1 et_pb_css_mix_blend_mode_passthrough et-last-child\"><div class=\"et_pb_module et_pb_text et_pb_text_2 et_pb_bg_layout_light et_pb_text_align_left\"><div class=\"et_pb_text_inner\"><h1>DATENSCHUTZERKL\u00c4RUNG<\/h1><p>Die nachfolgende Datenschutzerkl\u00e4rung gilt f\u00fcr die Nutzung dieser Website. Eine Nutzung der unserer Webseite ist grunds\u00e4tzlich ohne jede Angabe personenbezogener Daten m\u00f6glich. Sofern Sie besondere Dienstleistung unseres Unternehmens \u00fcber unsere Webseite in Anspruch nehmen m\u00f6chten, k\u00f6nnte jedoch eine Verarbeitung personenbezogener Daten erforderlich werden.<\/p><p>Diese Webseite unterliegt dem\u00a0<a href=\"https:\/\/www.admin.ch\/opc\/de\/classified-compilation\/19920153\/index.html\" target=\"_blank\" rel=\"noopener\">Bundesgesetz \u00fcber den Datenschutz (DSG)<\/a>\u00a0und ber\u00fccksichtig die zentralen Punkte der\u00a0<a href=\"https:\/\/www.edoeb.admin.ch\/edoeb\/de\/home\/dokumentation\/rechtliche-grundlagen\/Datenschutz%20-%20International\/DSGVO.html\" target=\"_blank\" rel=\"noopener\">Datenschutz-Grundverordnung (DSGVO)<\/a>\u00a0der Europ\u00e4ischen Union (EU).<\/p><p>Wir sind um die Sicherheit Ihrer Daten im Rahmen der geltenden Datenschutzgesetze und technischen M\u00f6glichkeiten bem\u00fcht. Ihre pers\u00f6nlichen Daten werden bei uns in der Regel verschl\u00fcsselt \u00fcbertragen. Wir nutzen das Codierungssystem SSL (Secure Socket Layer), weisen jedoch darauf hin, dass die Daten\u00fcbertragung im Internet (z.B. bei der Kommunikation per E-Mail) Sicherheitsl\u00fccken aufweisen kann.<\/p><p>Diese Datenschutzerkl\u00e4rung wird laufend erg\u00e4nzt und den rechtlichen Anforderungen sowie den Angebotenen Dienstleistungen angepasst. Es gilt jeweils die aktuelle Datenschutzbestimmung. Die \u00c4nderungen treten in Kraft, sobald sie auf unserer Webseite ver\u00f6ffentlicht wurden.<\/p><\/div><\/div><\/div><\/div><div id=\"term-2\" class=\"et_pb_row et_pb_row_2\"><div class=\"et_pb_column et_pb_column_4_4 et_pb_column_2 et_pb_css_mix_blend_mode_passthrough et-last-child\"><div class=\"et_pb_module et_pb_text et_pb_text_3 et_pb_bg_layout_light et_pb_text_align_left\"><div class=\"et_pb_text_inner\"><h1>BEARBEITUNG VON PERSONENDATEN<\/h1><p><strong>Personenbezogene Daten<\/strong>\u00a0sind alle Informationen, die sich auf eine bestimmte oder bestimmbare Person beziehen. Dies kann z.B. der Name, die Anschrift, E-Mail-Adresse oder auch Telefonnummer einer Person sein. Diese personenbezogenen Daten k\u00f6nnen von uns verarbeitet werden.\u00a0<strong>Verarbeitung<\/strong>\u00a0ist jeder mit oder ohne Hilfe automatisierter Verfahren ausgef\u00fchrte Vorgang oder jede solche Vorgangsreihe im Zusammenhang mit personenbezogenen Daten wie das Erheben, das Erfassen, die Organisation, das Ordnen, die Speicherung, die Anpassung oder Ver\u00e4nderung, das Auslesen, das Abfragen, die Verwendung, die Offenlegung durch \u00dcbermittlung, Verbreitung oder eine andere Form der Bereitstellung, den Abgleich oder die Verkn\u00fcpfung, die Einschr\u00e4nkung, das L\u00f6schen oder die Vernichtung.<\/p><p><strong>Die von Ihnen eingegebenen personenbezogenen Daten werden ausschliesslich f\u00fcr die interne Verwendung bei dem f\u00fcr die Verarbeitung Verantwortlichen und f\u00fcr eigene Zwecke erhoben und gespeichert. Wo immer m\u00f6glich, werden die Daten anonymisiert. Anonymisiert bedeutet, dass keine R\u00fcckschl\u00fcsse auf eine betroffene Person gemacht werden k\u00f6nnen.<\/strong><\/p><p>Das Kriterium f\u00fcr die Dauer der Speicherung von personenbezogenen Daten ist die jeweilige gesetzliche Aufbewahrungsfrist. Nach Ablauf der Frist werden die entsprechenden Daten routinem\u00e4ssig gel\u00f6scht, sofern sie nicht mehr zur Vertragserf\u00fcllung oder Vertragsanbahnung erforderlich sind.<\/p><\/div><\/div><\/div><\/div><div id=\"term-3\" class=\"et_pb_row et_pb_row_3\"><div class=\"et_pb_column et_pb_column_4_4 et_pb_column_3 et_pb_css_mix_blend_mode_passthrough et-last-child\"><div class=\"et_pb_module et_pb_text et_pb_text_4 et_pb_bg_layout_light et_pb_text_align_left\"><div class=\"et_pb_text_inner\"><h1>DATEN, WELCHE DIREKT VON UNS ERHOBEN WERDEN<\/h1><\/div><\/div><div id=\"term-3-1\" class=\"et_pb_module et_pb_text et_pb_text_5 et_pb_bg_layout_light et_pb_text_align_left\"><div class=\"et_pb_text_inner\"><h3>3.1 Anfrageformulare<\/h3><p>Wenn Sie sich f\u00fcr ein bestimmtes Angebot interessieren, k\u00f6nnen Sie uns mittels eines Formulars eine Anfrage stellen. Welche personenbezogenen Daten bei der Anfrage \u00fcbermittelt werden, ergibt sich aus der entsprechenden Eingabemaske. Ihre Daten k\u00f6nnen in eine Software eines Drittanbieters manuell erfasst oder mittels Schnittstelle importiert werden. Aufgrund der gespeicherten Daten ist es m\u00f6glich, dass wir f\u00fcr Sie andere Immobilienangebote haben, die den Kriterien Ihrer Anfrage entsprechen. Die Erkennung von relevanten Angeboten kann manuell oder maschinell durch eine Software erfolgen. Sie k\u00f6nnen von uns mittels E-Mail, postalischem Schreiben oder mittels Telefon \u00fcber solche Immobilienangebote informiert werden. Sie haben jederzeit die M\u00f6glichkeit, sich von dieser Dienstleistung abzumelden.<\/p><\/div><\/div><\/div><\/div><div id=\"term-4\" class=\"et_pb_row et_pb_row_4\"><div class=\"et_pb_column et_pb_column_4_4 et_pb_column_4 et_pb_css_mix_blend_mode_passthrough et-last-child\"><div class=\"et_pb_module et_pb_text et_pb_text_6 et_pb_bg_layout_light et_pb_text_align_left\"><div class=\"et_pb_text_inner\"><h1>DATEN, WELCHE DURCH DIENSTLEISTUNGEN DRITTER ERHOBEN WERDEN<\/h1><p>Um die Qualit\u00e4t unserer Dienstleistungen kontinuierlich zu verbessern, sind auf unserer Webseite folgende Technologien eingebunden:<\/p><\/div><\/div><div id=\"term-4-1\" class=\"et_pb_module et_pb_text et_pb_text_7 et_pb_bg_layout_light et_pb_text_align_left\"><div class=\"et_pb_text_inner\"><h3>4.1 Verwendung von Scriptbibliotheken<\/h3><p>Um Inhalte korrekt auszuliefern, verwenden wir auf unserer Webseite Scriptbibliotheken und Schriftbibliotheken (z. B. Google Webfonts). Der Aufruf einer Scriptbibliothek oder Schriftbibliotheken hat zur Folge, dass eine Verbindung zum Anbieter der Bibliothek ausgel\u00f6st wird. Es ist m\u00f6glich, dass der Betreiber der Bibliothek Daten dieser Verbindung erhebt.<\/p><\/div><\/div><div id=\"term-4-2\" class=\"et_pb_module et_pb_text et_pb_text_8 et_pb_bg_layout_light et_pb_text_align_left\"><div class=\"et_pb_text_inner\"><h3>4.1 Verwendung von Google Maps<\/h3><p>Wir nutzen eine Schnittstelle zu geospezifischen Daten von Google, um ortsbasierte Informationen zu visualisieren. Hierbei werden von Google Daten \u00fcber die Nutzung der Kartenfunktion aufgezeichnet und verwendet. Informationen \u00fcber die Datennutzung durch Google kann bei den Datenschutzhinweisen von Google entnommen werden.<\/p><\/div><\/div><\/div><\/div><div id=\"term-5\" class=\"et_pb_row et_pb_row_5\"><div class=\"et_pb_column et_pb_column_4_4 et_pb_column_5 et_pb_css_mix_blend_mode_passthrough et-last-child\"><div class=\"et_pb_module et_pb_text et_pb_text_9 et_pb_bg_layout_light et_pb_text_align_left\"><div class=\"et_pb_text_inner\"><h1>IHRE RECHTE ALS NUTZER UNSERER WEBSEITE<\/h1><p>Nach den anwendbaren Gesetzen haben Sie verschiedene Rechte hinsichtlich Ihrer personenbezogenen Daten. Sie k\u00f6nnen von unserer Datenschutzbeauftragten Person folgende Rechte geltend machen:<\/p><ul><li>Auskunft \u00fcber Ihre gespeicherten Daten und die damit verbundene Verarbeitung<\/li><li>Berichtigung falscher personenbezogener Daten<\/li><li>L\u00f6schung Ihrer gespeicherten Daten<\/li><li>Einschr\u00e4nkung der Datenverarbeitung, sofern wir Ihre Daten aufgrund gesetzlicher Pflichten noch nicht l\u00f6schen d\u00fcrfen,<\/li><li>Widerspruch gegen die Verarbeitung Ihrer Daten<\/li><li>Daten\u00fcbertragbarkeit, d.h. erhalt der gespeicherten Daten in einem maschinenlesbaren Format, sofern Sie in die Datenverarbeitung eingewilligt, oder einen Vertrag mit uns abgeschlossen haben<\/li><\/ul><\/div><\/div><\/div><\/div><div id=\"term-6\" class=\"et_pb_row et_pb_row_6\"><div class=\"et_pb_column et_pb_column_4_4 et_pb_column_6 et_pb_css_mix_blend_mode_passthrough et-last-child\"><div class=\"et_pb_module et_pb_text et_pb_text_10 et_pb_bg_layout_light et_pb_text_align_left\"><div class=\"et_pb_text_inner\"><h1>VERANTWORTUNG<\/h1><p>Verantwortlich f\u00fcr die Erhebung, Verarbeitung und Nutzung Ihrer personenbezogenen Daten ist:<\/p><p>Green Pest GmbH<br \/>Kantonsstrasse 1<br \/>8807 Freienbach<br \/>Schweiz<\/p><p>Sofern Sie der Erhebung, Verarbeitung oder Nutzung Ihrer Daten durch uns nach Massgabe dieser Datenschutzbestimmungen insgesamt oder f\u00fcr einzelne Massnahmen widersprechen wollen, k\u00f6nnen Sie Ihren Widerspruch an den Verantwortlichen richten.<\/p><\/div><\/div><\/div><\/div><\/div>\t\t\t\t\t\t\t\t<\/div>\n\t\t\t\t<div class=\"elementor-element elementor-element-11848552 elementor-widget elementor-widget-spacer\" data-id=\"11848552\" data-element_type=\"widget\" data-e-type=\"widget\" data-widget_type=\"spacer.default\">\n\t\t\t\t\t\t\t<div class=\"elementor-spacer\">\n\t\t\t<div class=\"elementor-spacer-inner\"><\/div>\n\t\t<\/div>\n\t\t\t\t\t\t<\/div>\n\t\t\t\t\t<\/div>\n\t\t<\/div>\n\t\t\t\t\t<\/div>\n\t\t<\/section>\n\t\t\t\t<\/div>\n\t\t","protected":false},"excerpt":{"rendered":"<p>PRIVACY Privacy Policy Processing of Personal Data Data Collected Directly by Us Inquiry Forms Data Collected by Third-Party Services Use of Script Libraries Use of Google Maps Your Rights as a User of Our Website Responsibility PRIVACY POLICY The following privacy policy applies to the use of this website. The use of our website is [&hellip;]<\/p>\n","protected":false},"author":13,"featured_media":0,"parent":0,"menu_order":0,"comment_status":"closed","ping_status":"closed","template":"elementor_header_footer","meta":{"footnotes":""},"class_list":["post-2678","page","type-page","status-publish","hentry"],"_links":{"self":[{"href":"https:\/\/greenpest.ch\/en\/wp-json\/wp\/v2\/pages\/2678","targetHints":{"allow":["GET"]}}],"collection":[{"href":"https:\/\/greenpest.ch\/en\/wp-json\/wp\/v2\/pages"}],"about":[{"href":"https:\/\/greenpest.ch\/en\/wp-json\/wp\/v2\/types\/page"}],"author":[{"embeddable":true,"href":"https:\/\/greenpest.ch\/en\/wp-json\/wp\/v2\/users\/13"}],"replies":[{"embeddable":true,"href":"https:\/\/greenpest.ch\/en\/wp-json\/wp\/v2\/comments?post=2678"}],"version-history":[{"count":1,"href":"https:\/\/greenpest.ch\/en\/wp-json\/wp\/v2\/pages\/2678\/revisions"}],"predecessor-version":[{"id":4463,"href":"https:\/\/greenpest.ch\/en\/wp-json\/wp\/v2\/pages\/2678\/revisions\/4463"}],"wp:attachment":[{"href":"https:\/\/greenpest.ch\/en\/wp-json\/wp\/v2\/media?parent=2678"}],"curies":[{"name":"wp","href":"https:\/\/api.w.org\/{rel}","templated":true}]}}