{"id":3045,"date":"2024-10-30T11:39:35","date_gmt":"2024-10-30T11:39:35","guid":{"rendered":"https:\/\/greenpest.ch\/?page_id=3045"},"modified":"2026-03-25T14:13:21","modified_gmt":"2026-03-25T14:13:21","slug":"home","status":"publish","type":"page","link":"https:\/\/greenpest.ch\/en\/","title":{"rendered":"Greenpest"},"content":{"rendered":"\t\t<div data-elementor-type=\"wp-page\" data-elementor-id=\"3045\" class=\"elementor elementor-3045\" data-elementor-post-type=\"page\">\n\t\t\t\t<div class=\"elementor-element elementor-element-50d5036 e-flex e-con-boxed e-con e-parent\" data-id=\"50d5036\" data-element_type=\"container\" data-e-type=\"container\">\n\t\t\t\t\t<div class=\"e-con-inner\">\n\t\t<div class=\"elementor-element elementor-element-ae98bc8 e-con-full e-flex e-con e-child\" data-id=\"ae98bc8\" data-element_type=\"container\" data-e-type=\"container\" data-settings=\"{&quot;background_background&quot;:&quot;classic&quot;}\">\n\t\t\t\t<div class=\"elementor-element elementor-element-a6321d6 elementor-hidden-mobile elementor-widget elementor-widget-heading\" data-id=\"a6321d6\" data-element_type=\"widget\" data-e-type=\"widget\" data-widget_type=\"heading.default\">\n\t\t\t\t\t<h2 class=\"elementor-heading-title elementor-size-default\">YOUR PARTNER FOR PEST MANAGEMENT <\/h2>\t\t\t\t<\/div>\n\t\t\t\t<div class=\"elementor-element elementor-element-d26c6ee elementor-hidden-desktop elementor-hidden-tablet elementor-widget elementor-widget-heading\" data-id=\"d26c6ee\" data-element_type=\"widget\" data-e-type=\"widget\" data-widget_type=\"heading.default\">\n\t\t\t\t\t<h2 class=\"elementor-heading-title elementor-size-default\">YOUR PARTNER FOR PEST MANAGEMENT <\/h2>\t\t\t\t<\/div>\n\t\t\t\t<\/div>\n\t\t\t\t\t<\/div>\n\t\t\t\t<\/div>\n\t\t<div class=\"elementor-element elementor-element-508276a e-flex e-con-boxed e-con e-parent\" data-id=\"508276a\" data-element_type=\"container\" data-e-type=\"container\">\n\t\t\t\t\t<div class=\"e-con-inner\">\n\t\t<div class=\"elementor-element elementor-element-0785b7e e-con-full e-flex e-con e-child\" data-id=\"0785b7e\" data-element_type=\"container\" data-e-type=\"container\">\n\t\t\t\t<div class=\"elementor-element elementor-element-91107d8 elementor-widget elementor-widget-heading\" data-id=\"91107d8\" data-element_type=\"widget\" data-e-type=\"widget\" data-widget_type=\"heading.default\">\n\t\t\t\t\t<h2 class=\"elementor-heading-title elementor-size-default\">OUR PROMISE.<\/h2>\t\t\t\t<\/div>\n\t\t\t\t<div class=\"elementor-element elementor-element-d9b9c09 elementor-widget elementor-widget-text-editor\" data-id=\"d9b9c09\" data-element_type=\"widget\" data-e-type=\"widget\" data-widget_type=\"text-editor.default\">\n\t\t\t\t\t\t\t\t\t<p>We are your modern and reliable pest control service provider. Fast and competent service is our top priority and is embraced by all our employees. Our goal is to offer our customers the highest level of security. By security, we don\u2019t just mean the elimination of pests for a few weeks but also ensuring our customers\u2019 long-term freedom from pests through continuous monitoring, consultation, and customer support.<\/p>\t\t\t\t\t\t\t\t<\/div>\n\t\t\t\t<div class=\"elementor-element elementor-element-89c3eb8 elementor-mobile-align-center elementor-widget elementor-widget-button\" data-id=\"89c3eb8\" data-element_type=\"widget\" data-e-type=\"widget\" data-widget_type=\"button.default\">\n\t\t\t\t\t\t\t\t\t\t<a class=\"elementor-button elementor-button-link elementor-size-sm\" href=\"https:\/\/greenpest.ch\/en\/about-us\/\">\n\t\t\t\t\t\t<span class=\"elementor-button-content-wrapper\">\n\t\t\t\t\t\t\t\t\t<span class=\"elementor-button-text\">MORE ABOUT US<\/span>\n\t\t\t\t\t<\/span>\n\t\t\t\t\t<\/a>\n\t\t\t\t\t\t\t\t<\/div>\n\t\t\t\t<\/div>\n\t\t<div class=\"elementor-element elementor-element-a3e90de e-con-full e-flex e-con e-child\" data-id=\"a3e90de\" data-element_type=\"container\" data-e-type=\"container\" data-settings=\"{&quot;background_background&quot;:&quot;video&quot;,&quot;background_video_start&quot;:0,&quot;background_play_on_mobile&quot;:&quot;yes&quot;}\">\n\t\t\t\t<div class=\"elementor-element elementor-element-5d2fb8e elementor-widget elementor-widget-video\" data-id=\"5d2fb8e\" data-element_type=\"widget\" data-e-type=\"widget\" data-settings=\"{&quot;video_type&quot;:&quot;vimeo&quot;,&quot;start&quot;:0}\" data-widget_type=\"video.default\">\n\t\t\t\t\t\t\t<div class=\"elementor-wrapper elementor-open-inline\">\n\t\t\t<iframe class=\"elementor-video-iframe\" allowfullscreen allow=\"clipboard-write\" title=\"vimeo Video Player\" src=\"https:\/\/player.vimeo.com\/video\/274636575?color&amp;autopause=0&amp;loop=0&amp;muted=0&amp;title=1&amp;portrait=1&amp;byline=1#t=\"><\/iframe>\t\t<\/div>\n\t\t\t\t\t\t<\/div>\n\t\t\t\t<\/div>\n\t\t\t\t\t<\/div>\n\t\t\t\t<\/div>\n\t\t<div class=\"elementor-element elementor-element-8746a6d e-flex e-con-boxed e-con e-parent\" data-id=\"8746a6d\" data-element_type=\"container\" data-e-type=\"container\" data-settings=\"{&quot;background_background&quot;:&quot;classic&quot;}\">\n\t\t\t\t\t<div class=\"e-con-inner\">\n\t\t<div class=\"elementor-element elementor-element-9ac209d e-con-full e-flex e-con e-child\" data-id=\"9ac209d\" data-element_type=\"container\" data-e-type=\"container\" data-settings=\"{&quot;background_background&quot;:&quot;classic&quot;}\">\n\t\t\t\t<div class=\"elementor-element elementor-element-10f6fc7 elementor-widget elementor-widget-text-editor\" data-id=\"10f6fc7\" data-element_type=\"widget\" data-e-type=\"widget\" data-widget_type=\"text-editor.default\">\n\t\t\t\t\t\t\t\t\t<p>Testimonials<\/p>\t\t\t\t\t\t\t\t<\/div>\n\t\t\t\t<div class=\"elementor-element elementor-element-228aad6 elementor-widget elementor-widget-heading\" data-id=\"228aad6\" data-element_type=\"widget\" data-e-type=\"widget\" data-widget_type=\"heading.default\">\n\t\t\t\t\t<h2 class=\"elementor-heading-title elementor-size-default\">What customers say about Green Pest GmbH<\/h2>\t\t\t\t<\/div>\n\t\t\t\t<\/div>\n\t\t\t\t<div class=\"elementor-element elementor-element-911e0ec elementor-widget-mobile__width-auto elementor--h-position-center elementor--v-position-middle elementor-arrows-position-inside elementor-pagination-position-inside elementor-widget elementor-widget-slides\" data-id=\"911e0ec\" data-element_type=\"widget\" data-e-type=\"widget\" data-settings=\"{&quot;transition&quot;:&quot;fade&quot;,&quot;navigation&quot;:&quot;both&quot;,&quot;autoplay&quot;:&quot;yes&quot;,&quot;pause_on_hover&quot;:&quot;yes&quot;,&quot;pause_on_interaction&quot;:&quot;yes&quot;,&quot;autoplay_speed&quot;:5000,&quot;infinite&quot;:&quot;yes&quot;,&quot;transition_speed&quot;:500}\" data-widget_type=\"slides.default\">\n\t\t\t\t\t\t\t\t\t\t<div class=\"elementor-slides-wrapper elementor-main-swiper swiper\" role=\"region\" aria-roledescription=\"carousel\" aria-label=\"Slides\" dir=\"ltr\" data-animation=\"fadeInUp\">\n\t\t\t\t<div class=\"swiper-wrapper elementor-slides\">\n\t\t\t\t\t\t\t\t\t\t<div class=\"elementor-repeater-item-5bfa3d7 swiper-slide\" role=\"group\" aria-roledescription=\"slide\"><div class=\"swiper-slide-bg\"><\/div><div class=\"swiper-slide-inner\" ><div class=\"swiper-slide-contents\"><div class=\"elementor-slide-heading\">Liebes Green Pest Team, Vielen Dank f\u00fcr den tollen Service. Schnell, zuverl\u00e4ssig und sehr freundlich. Ich werde Euch gerne weiterempfehlen. Beste Gr\u00fcsse, A. West  <\/div><div class=\"elementor-slide-description\">Insektenschutzgitter & Sch\u00e4dlingsbek\u00e4mpfung<\/div><div  class=\"elementor-button elementor-slide-button elementor-size-sm\"> A. West<\/div><\/div><\/div><\/div><div class=\"elementor-repeater-item-857c367 swiper-slide\" role=\"group\" aria-roledescription=\"slide\"><div class=\"swiper-slide-bg\"><\/div><div class=\"swiper-slide-inner\" ><div class=\"swiper-slide-contents\"><div class=\"elementor-slide-heading\"> Fliegenbehandlung an Fassade und vorbeugende Sch\u00e4dlingsbek\u00e4mpfung seri\u00f6s, schnell und zuverl\u00e4ssig behandelt und das zu sehr guten Konditionen.<\/div><div class=\"elementor-slide-description\"> Top! <\/div><div  class=\"elementor-button elementor-slide-button elementor-size-sm\">Mariola<\/div><\/div><\/div><\/div><div class=\"elementor-repeater-item-3d53abf swiper-slide\" role=\"group\" aria-roledescription=\"slide\"><div class=\"swiper-slide-bg\"><\/div><div class=\"swiper-slide-inner\" ><div class=\"swiper-slide-contents\"><div class=\"elementor-slide-heading\">Wir sind ein ****Hotel in Z\u00fcrich. Es kommt immer wieder vor, dass wir Green Pest f\u00fcr Behandlungen aufbieten. <\/div><div class=\"elementor-slide-description\">Diskret, zuverl\u00e4ssig, perfekter Service!<\/div><\/div><\/div><\/div><div class=\"elementor-repeater-item-4d1734f swiper-slide\" role=\"group\" aria-roledescription=\"slide\"><div class=\"swiper-slide-bg\"><\/div><div class=\"swiper-slide-inner\" ><div class=\"swiper-slide-contents\"><div class=\"elementor-slide-heading\">Freundlicher Kontakt, reibungslose Abwicklungs, kann die Firma jederzeit weiterempfehlen und jederzeit wieder buchen! <\/div><div class=\"elementor-slide-description\">Zuverl\u00e4ssig, effizient, perfekter service! <\/div><div  class=\"elementor-button elementor-slide-button elementor-size-sm\">Aldo de Nadai <\/div><\/div><\/div><\/div><div class=\"elementor-repeater-item-f446335 swiper-slide\" role=\"group\" aria-roledescription=\"slide\"><div class=\"swiper-slide-bg\"><\/div><div class=\"swiper-slide-inner\" ><div class=\"swiper-slide-contents\"><div class=\"elementor-slide-heading\">Sehr freundliche und professionelle Beratung. Die Behandlung wurde schnell, problemlos und zu vollster Zufriedenheit durchgef\u00fchrt. Danke Green Pest Team! Wir sind die Bettwanzen wieder los! A. Schwartz Schnell - freundlich - sympatisch und professionell. Mein Problem wurde sofort erkannt und innert k\u00fcrzester Frist zu meiner vollsten Zufriedenheit behoben. Dabei war wurde ich \u00e4usserst nett und sympathisch betreut. <\/div><div class=\"elementor-slide-description\"> Schnell - freundlich - sympatisch und professionell.<\/div><div  class=\"elementor-button elementor-slide-button elementor-size-sm\">A. Scwharz<\/div><\/div><\/div><\/div>\t\t\t\t<\/div>\n\t\t\t\t\t\t\t\t\t\t\t\t\t\t\t<div class=\"elementor-swiper-button elementor-swiper-button-prev\" role=\"button\" tabindex=\"0\" aria-label=\"Previous slide\">\n\t\t\t\t\t\t\t<svg aria-hidden=\"true\" class=\"e-font-icon-svg e-eicon-chevron-left\" viewBox=\"0 0 1000 1000\" xmlns=\"http:\/\/www.w3.org\/2000\/svg\"><path d=\"M646 125C629 125 613 133 604 142L308 442C296 454 292 471 292 487 292 504 296 521 308 533L604 854C617 867 629 875 646 875 663 875 679 871 692 858 704 846 713 829 713 812 713 796 708 779 692 767L438 487 692 225C700 217 708 204 708 187 708 171 704 154 692 142 675 129 663 125 646 125Z\"><\/path><\/svg>\t\t\t\t\t\t<\/div>\n\t\t\t\t\t\t<div class=\"elementor-swiper-button elementor-swiper-button-next\" role=\"button\" tabindex=\"0\" aria-label=\"Next slide\">\n\t\t\t\t\t\t\t<svg aria-hidden=\"true\" class=\"e-font-icon-svg e-eicon-chevron-right\" viewBox=\"0 0 1000 1000\" xmlns=\"http:\/\/www.w3.org\/2000\/svg\"><path d=\"M696 533C708 521 713 504 713 487 713 471 708 454 696 446L400 146C388 133 375 125 354 125 338 125 325 129 313 142 300 154 292 171 292 187 292 204 296 221 308 233L563 492 304 771C292 783 288 800 288 817 288 833 296 850 308 863 321 871 338 875 354 875 371 875 388 867 400 854L696 533Z\"><\/path><\/svg>\t\t\t\t\t\t<\/div>\n\t\t\t\t\t\t\t\t\t\t\t\t\t\t\t\t<div class=\"swiper-pagination\"><\/div>\n\t\t\t\t\t\t\t\t\t\t\t\t<\/div>\n\t\t\t\t\t\t\t\t<\/div>\n\t\t\t\t\t<\/div>\n\t\t\t\t<\/div>\n\t\t<div class=\"elementor-element elementor-element-0d0d9d8 e-flex e-con-boxed e-con e-parent\" data-id=\"0d0d9d8\" data-element_type=\"container\" data-e-type=\"container\" data-settings=\"{&quot;background_background&quot;:&quot;classic&quot;}\">\n\t\t\t\t\t<div class=\"e-con-inner\">\n\t\t<div class=\"elementor-element elementor-element-60fd5b3 e-con-full e-flex e-con e-child\" data-id=\"60fd5b3\" data-element_type=\"container\" data-e-type=\"container\">\n\t\t\t\t<div class=\"elementor-element elementor-element-1cf469e elementor-widget elementor-widget-heading\" data-id=\"1cf469e\" data-element_type=\"widget\" data-e-type=\"widget\" data-widget_type=\"heading.default\">\n\t\t\t\t\t<h2 class=\"elementor-heading-title elementor-size-default\">Enjoy a PEST FREE home<\/h2>\t\t\t\t<\/div>\n\t\t<div class=\"elementor-element elementor-element-6f3fe9f e-con-full e-flex e-con e-child\" data-id=\"6f3fe9f\" data-element_type=\"container\" data-e-type=\"container\">\n\t\t\t\t<div class=\"elementor-element elementor-element-58932ac elementor-widget elementor-widget-text-editor\" data-id=\"58932ac\" data-element_type=\"widget\" data-e-type=\"widget\" data-widget_type=\"text-editor.default\">\n\t\t\t\t\t\t\t\t\t<div class=\"sc_icons_item\"><div class=\"sc_icons_item_details\"><div class=\"sc_icons_item_description\">24\/7 EMERGENCY PEST CONTROL<\/div><\/div><\/div><div class=\"sc_icons_item\"><div class=\"sc_icons_icon sc_icon_type_ icon-award\">\u00a0<\/div><div class=\"sc_icons_item_details\"><div class=\"sc_icons_item_description\">CERTIFIED COMPANY<\/div><\/div><\/div><div class=\"sc_icons_item\"><div class=\"sc_icons_icon sc_icon_type_ icon-security\">\u00a0<\/div><div class=\"sc_icons_item_details\"><div class=\"sc_icons_item_description\">DISCREET &amp; ENVIRONMENTALLY FRIENDLY<\/div><\/div><\/div>\t\t\t\t\t\t\t\t<\/div>\n\t\t\t\t<\/div>\n\t\t\t\t<div class=\"elementor-element elementor-element-cf3f3bd elementor-mobile-align-center elementor-widget elementor-widget-button\" data-id=\"cf3f3bd\" data-element_type=\"widget\" data-e-type=\"widget\" data-widget_type=\"button.default\">\n\t\t\t\t\t\t\t\t\t\t<a class=\"elementor-button elementor-button-link elementor-size-sm\" href=\"tel:0041433778090\">\n\t\t\t\t\t\t<span class=\"elementor-button-content-wrapper\">\n\t\t\t\t\t\t\t\t\t<span class=\"elementor-button-text\">CALL US<\/span>\n\t\t\t\t\t<\/span>\n\t\t\t\t\t<\/a>\n\t\t\t\t\t\t\t\t<\/div>\n\t\t\t\t<\/div>\n\t\t<div class=\"elementor-element elementor-element-b2944cb e-con-full e-flex e-con e-child\" data-id=\"b2944cb\" data-element_type=\"container\" data-e-type=\"container\">\n\t\t\t\t<\/div>\n\t\t\t\t\t<\/div>\n\t\t\t\t<\/div>\n\t\t\t\t<\/div>\n\t\t","protected":false},"excerpt":{"rendered":"<p>YOUR PARTNER FOR PEST CONTROL YOUR PARTNER FOR PEST CONTROL OUR CUSTOMER PROMISE! We are your modern and reliable pest control experts. Fast and competent service is our top priority and is lived by all our employees. Our goal is to offer our customers the highest level of security. By security, we mean not just [&hellip;]<\/p>\n","protected":false},"author":14,"featured_media":0,"parent":0,"menu_order":0,"comment_status":"closed","ping_status":"closed","template":"elementor_header_footer","meta":{"footnotes":""},"class_list":["post-3045","page","type-page","status-publish","hentry"],"_links":{"self":[{"href":"https:\/\/greenpest.ch\/en\/wp-json\/wp\/v2\/pages\/3045","targetHints":{"allow":["GET"]}}],"collection":[{"href":"https:\/\/greenpest.ch\/en\/wp-json\/wp\/v2\/pages"}],"about":[{"href":"https:\/\/greenpest.ch\/en\/wp-json\/wp\/v2\/types\/page"}],"author":[{"embeddable":true,"href":"https:\/\/greenpest.ch\/en\/wp-json\/wp\/v2\/users\/14"}],"replies":[{"embeddable":true,"href":"https:\/\/greenpest.ch\/en\/wp-json\/wp\/v2\/comments?post=3045"}],"version-history":[{"count":11,"href":"https:\/\/greenpest.ch\/en\/wp-json\/wp\/v2\/pages\/3045\/revisions"}],"predecessor-version":[{"id":4441,"href":"https:\/\/greenpest.ch\/en\/wp-json\/wp\/v2\/pages\/3045\/revisions\/4441"}],"wp:attachment":[{"href":"https:\/\/greenpest.ch\/en\/wp-json\/wp\/v2\/media?parent=3045"}],"curies":[{"name":"wp","href":"https:\/\/api.w.org\/{rel}","templated":true}]}}