{"id":4440,"date":"2026-03-25T14:13:13","date_gmt":"2026-03-25T14:13:13","guid":{"rendered":"https:\/\/greenpest.ch\/imprint\/"},"modified":"2026-03-25T14:13:13","modified_gmt":"2026-03-25T14:13:13","slug":"imprint","status":"publish","type":"page","link":"https:\/\/greenpest.ch\/en\/imprint\/","title":{"rendered":"Imprint"},"content":{"rendered":"\t\t<div data-elementor-type=\"wp-post\" data-elementor-id=\"4440\" class=\"elementor elementor-4440\" data-elementor-post-type=\"page\">\n\t\t\t\t\t\t<section class=\"elementor-section elementor-top-section elementor-element elementor-element-a6e69c0 elementor-section-boxed elementor-section-height-default elementor-section-height-default\" data-id=\"a6e69c0\" data-element_type=\"section\" data-e-type=\"section\">\n\t\t\t\t\t\t<div class=\"elementor-container elementor-column-gap-default\">\n\t\t\t\t\t<div class=\"elementor-column elementor-col-100 elementor-top-column elementor-element elementor-element-97ce3a2\" data-id=\"97ce3a2\" data-element_type=\"column\" data-e-type=\"column\">\n\t\t\t<div class=\"elementor-widget-wrap elementor-element-populated\">\n\t\t\t\t\t\t<div class=\"elementor-element elementor-element-1ac86e5 elementor-widget elementor-widget-heading\" data-id=\"1ac86e5\" data-element_type=\"widget\" data-e-type=\"widget\" data-widget_type=\"heading.default\">\n\t\t\t\t\t<h2 class=\"elementor-heading-title elementor-size-default\">IMPRESSUM<\/h2>\t\t\t\t<\/div>\n\t\t\t\t\t<\/div>\n\t\t<\/div>\n\t\t\t\t\t<\/div>\n\t\t<\/section>\n\t\t\t\t<section class=\"elementor-section elementor-top-section elementor-element elementor-element-3be4a74 elementor-section-boxed elementor-section-height-default elementor-section-height-default\" data-id=\"3be4a74\" data-element_type=\"section\" data-e-type=\"section\">\n\t\t\t\t\t\t<div class=\"elementor-container elementor-column-gap-default\">\n\t\t\t\t\t<div class=\"elementor-column elementor-col-100 elementor-top-column elementor-element elementor-element-b332bf5\" data-id=\"b332bf5\" data-element_type=\"column\" data-e-type=\"column\">\n\t\t\t<div class=\"elementor-widget-wrap elementor-element-populated\">\n\t\t\t\t\t\t<div class=\"elementor-element elementor-element-cc4da88 elementor-widget elementor-widget-text-editor\" data-id=\"cc4da88\" data-element_type=\"widget\" data-e-type=\"widget\" data-widget_type=\"text-editor.default\">\n\t\t\t\t\t\t\t\t\tGreen Pest GmbH\nKantonsstrasse 1\n8807 Freienbach\n\nTelefon +41 43 377 80 90\ninfo@greenpest.ch\n\nMWST-Nr: CHE-135.531.675 MwSt\n\n<strong>Haftungshinweis<\/strong>\nTrotz sorgf\u00e4ltiger inhaltlicher Kontrolle \u00fcbernehmen wir keine Haftung f\u00fcr die Inhalte externer Links. F\u00fcr den Inhalt der verlinkten Seiten sind ausschliesslich deren Betreiber verantwortlich.\t\t\t\t\t\t\t\t<\/div>\n\t\t\t\t\t<\/div>\n\t\t<\/div>\n\t\t\t\t\t<\/div>\n\t\t<\/section>\n\t\t\t\t<\/div>\n\t\t","protected":false},"excerpt":{"rendered":"<p>IMPRINT Green Pest GmbH Kantonsstrasse 1 8807 Freienbach Phone +41 43 377 80 90 info@greenpest.ch VAT No: CHE-135.531.675 VAT Liability Notice Despite careful content control, we assume no liability for the content of external links. The operators of the linked pages are solely responsible for their content.<\/p>\n","protected":false},"author":13,"featured_media":0,"parent":0,"menu_order":0,"comment_status":"closed","ping_status":"closed","template":"elementor_header_footer","meta":{"footnotes":""},"class_list":["post-4440","page","type-page","status-publish","hentry"],"_links":{"self":[{"href":"https:\/\/greenpest.ch\/en\/wp-json\/wp\/v2\/pages\/4440","targetHints":{"allow":["GET"]}}],"collection":[{"href":"https:\/\/greenpest.ch\/en\/wp-json\/wp\/v2\/pages"}],"about":[{"href":"https:\/\/greenpest.ch\/en\/wp-json\/wp\/v2\/types\/page"}],"author":[{"embeddable":true,"href":"https:\/\/greenpest.ch\/en\/wp-json\/wp\/v2\/users\/13"}],"replies":[{"embeddable":true,"href":"https:\/\/greenpest.ch\/en\/wp-json\/wp\/v2\/comments?post=4440"}],"version-history":[{"count":0,"href":"https:\/\/greenpest.ch\/en\/wp-json\/wp\/v2\/pages\/4440\/revisions"}],"wp:attachment":[{"href":"https:\/\/greenpest.ch\/en\/wp-json\/wp\/v2\/media?parent=4440"}],"curies":[{"name":"wp","href":"https:\/\/api.w.org\/{rel}","templated":true}]}}